{"id":5296,"date":"2016-11-04T15:32:52","date_gmt":"2016-11-04T15:32:52","guid":{"rendered":"http:\/\/themeforest.unitedthemes.com\/wpversions\/brooklyn\/xml\/demo23\/?page_id=5296"},"modified":"2025-09-23T12:39:32","modified_gmt":"2025-09-23T12:39:32","slug":"team","status":"publish","type":"page","link":"https:\/\/thedigitalization.com\/?page_id=5296","title":{"rendered":"Impress"},"content":{"rendered":"<div class=\"wpb-content-wrapper\"><p>[vc_row][vc_column]<div class=\"wpb_content_element \"><style type=\"text\/css\">#ut_header_69ece8fc75ed7 h2.section-title { font-size:50px !important;line-height:60px !important; }#ut_header_69ece8fc75ed7 .lead ins { color:#151515; }<\/style><header id=\"ut_header_69ece8fc75ed7\" class=\"section-header  ut-no-title-linebreak-mobile ut-no-lead-linebreak-mobile pt-style-7 header-center header-tablet-center header-mobile-center element-with-custom-line-height\"><div class=\"element-with-custom-line-height\" ><h2 data-title=\"&#13;&#10;Imprint \/ Datenschutz.\"  data-responsive-font=\"section_title\" data-responsive-font-settings=\"{&quot;base-font-size&quot;:&quot;global&quot;,&quot;font-size&quot;:{&quot;desktop_large&quot;:&quot;50&quot;},&quot;base-line-height&quot;:&quot;global&quot;,&quot;line-height&quot;:{&quot;desktop_large&quot;:&quot;60&quot;},&quot;base-letter-spacing&quot;:&quot;global&quot;}\" class=\"section-title title-with-linebreak \"><span><\/p><br \/>\n<p>Imprint \/ Datenschutz.<\/span><\/h2><\/div><\/header><\/div>[\/vc_column][\/vc_row][vc_row css=&#8220;.vc_custom_1478306599110{margin-bottom: 60px !important;}&#8220;][vc_column][vc_column_text]Google Analytics<br \/>\nDiese Website benutzt Google Analytics, einen Webanalysedienst der Google Inc. (Google). Google Analytics verwendet sog. Cookies, Textdateien, die auf Ihrem Computer gespeichert werden und die eine Analyse der Benutzung der Website durch Sie erm\u00f6glichen. Die durch den Cookie erzeugten Informationen \u00fcber Ihre Benutzung dieser Website werden in der Regel an einen Server von Google in den USA \u00fcbertragen und dort gespeichert. Im Falle der Aktivierung der IP-Anonymisierung auf dieser Webseite, wird Ihre IP-Adresse von Google jedoch innerhalb von Mitgliedstaaten der Europ\u00e4ischen Union oder in anderen Vertragsstaaten des Abkommens \u00fcber den Europ\u00e4ischen Wirtschaftsraum zuvor gek\u00fcrzt. Nur in Ausnahmef\u00e4llen wird die volle IP-Adresse an einen Server von Google in den USA \u00fcbertragen und dort gek\u00fcrzt. Im Auftrag des Betreibers dieser Website wird Google diese Informationen benutzen, um Ihre Nutzung der Website auszuwerten, um Reports \u00fcber die Websiteaktivit\u00e4ten zusammenzustellen und um weitere mit der Websitenutzung und der Internetnutzung verbundene Dienstleistungen gegen\u00fcber dem Websitebetreiber zu erbringen. Die im Rahmen von Google Analytics von Ihrem Browser \u00fcbermittelte IP-Adresse wird nicht mit anderen Daten von Google zusammengef\u00fchrt. Sie k\u00f6nnen die Speicherung der Cookies durch eine entsprechende Einstellung Ihrer Browser-Software verhindern; wir weisen Sie jedoch darauf hin, dass Sie in diesem Fall gegebenenfalls nicht s\u00e4mtliche Funktionen dieser Website vollumf\u00e4nglich werden nutzen k\u00f6nnen. Sie k\u00f6nnen dar\u00fcber hinaus die Erfassung der durch das Cookie erzeugten und auf Ihre Nutzung der Website bezogenen Daten (inkl. Ihrer IP-Adresse) an Google sowie die Verarbeitung dieser Daten durch Google verhindern, indem sie das unter dem folgenden Link verf\u00fcgbare Browser-Plugin herunterladen und installieren. Der aktuelle Link ist: <a href=\"http:\/\/tools.google.com\/dlpage\/gaoptout?hl=de\">http:\/\/tools.google.com\/dlpage\/gaoptout?hl=de<\/a>.<\/p>\n<p>Bei Fragen zur Erhebung, Verarbeitung oder Nutzung Ihrer personenbezogenen Daten sowie bei Ausk\u00fcnften, Berichtigung, Sperrung oder L\u00f6schung von Daten wenden Sie sich bitte an:<\/p>\n<p>Marc Weber<br \/>\nUnternehmensberater<br \/>\nD &#8211; 22342 Hamburg<br \/>\n+49.160.97075022<\/p>\n<p>Datenschutz<br \/>\nWir nehmen den Schutz Ihrer pers\u00f6nlichen Daten sehr ernst und halten uns strikt an die Regeln der Datenschutzgesetze. Personenbezogene Daten werden auf dieser Webseite nur im technisch notwendigen Umfang erhoben. In keinem Fall werden die erhobenen Daten verkauft oder aus anderen Gr\u00fcnden an Dritte weitergegeben. Die nachfolgende Erkl\u00e4rung gibt Ihnen einen \u00dcberblick dar\u00fcber, wie wir diesen Schutz gew\u00e4hrleisten und welche Art von Daten zu welchem Zweck erhoben werden.<\/p>\n<p>Datenverarbeitung auf dieser Internetseite<br \/>\nUnsere Website erhebt und speichert automatisch in ihren Server Log Files Informationen, die Ihr Browser an uns \u00fcbermittelt. Dies sind:<\/p>\n<p>* Browsertyp\/ -version<br \/>\n* verwendetes Betriebssystem<br \/>\n* Referrer URL (die zuvor besuchte Seite)<br \/>\n* Hostname des zugreifenden Rechners (IP Adresse)<br \/>\n* Uhrzeit der Serveranfrage.<\/p>\n<p>Diese Daten sind f\u00fcr uns nicht bestimmten Personen zuordenbar. Eine Zusammenf\u00fchrung dieser Daten mit anderen Datenquellen wird nicht vorgenommen, die Daten werden zudem nach einer statistischen Auswertung gel\u00f6scht.<\/p>\n<p>Cookies<br \/>\nUnsere website verwendet lediglich sogenannte Session-Cookies. Sie werden nach Ende Ihres Besuchs automatisch gel\u00f6scht.<\/p>\n<p>Auskunftsrecht<br \/>\nSie haben jederzeit das Recht auf Auskunft \u00fcber die bez\u00fcglich Ihrer Person gespeicherten Daten, deren Herkunft und Empf\u00e4nger sowie den Zweck der Speicherung.<\/p>\n<p>Weitere Informationen<br \/>\nWir m\u00f6chten Ihnen jederzeit Rede und Antwort bez\u00fcglich der Verarbeitung Ihrer personenbezogenen Daten stehen. Wenn Sie Fragen haben, die Ihnen diese Datenschutzerkl\u00e4rung nicht beantworten konnte oder wenn Sie zu einem Punkt vertiefte Informationen w\u00fcnschen, wenden Sie sich bitte jederzeit an uns.[\/vc_column_text][\/vc_column][\/vc_row][vc_row css=&#8220;.vc_custom_1478304176706{margin-bottom: 0px !important;background-color: #296af5 !important;}&#8220;][vc_column width=&#8220;1\/4&#8243;]<div class=\"wpb_content_element \"><style type=\"text\/css\">#ut_sc_69ece8fc7ae13 .ut-service-column h3 { color: #ffffff; }#ut_sc_69ece8fc7ae13 .ut-service-column p { color: #ffffff; }#ut_sc_69ece8fc7ae13 .ut-service-column p { margin-top: 0px; }#ut_sc_69ece8fc7ae13 .ut-service-column a.ut-service-column-link { font-size: 12px; }#ut-svg-69ece8fc7ae18 { display:none; }#ut-svg-69ece8fc7ae18.ut-svg-loaded { display:block; }#ut-svg-69ece8fc7ae18 path { stroke:#296af5; }<\/style><div id=\"ut_sc_69ece8fc7ae13\"  class=\"ut-horizontal-style ut-horizontal-style-align-left  clearfix \" ><figure class=\"ut-service-icon  ut-service-icon-normal ut-service-icon-large\"><i style=\"color: #ffffff;\" class=\"fa fa fa-phone\"><\/i><\/figure><div class=\"ut-service-column ut-service-column-horiz\"><h3 data-responsive-font=\"h3\">Any question at<\/h3><p class=\"element-with-custom-line-height\" data-responsive-font=\"p\">+49.160.97075022<\/p><\/div><\/div><\/div>[\/vc_column][vc_column width=&#8220;1\/4&#8243;]<div class=\"wpb_content_element \"><style type=\"text\/css\">#ut_sc_69ece8fc7ae73 .ut-service-column h3 { color: #ffffff; }#ut_sc_69ece8fc7ae73 .ut-service-column p { color: #ffffff; }#ut_sc_69ece8fc7ae73 .ut-service-column p { margin-top: 0px; }#ut_sc_69ece8fc7ae73 .ut-service-column a.ut-service-column-link { font-size: 12px; }#ut-svg-69ece8fc7ae74 { display:none; }#ut-svg-69ece8fc7ae74.ut-svg-loaded { display:block; }#ut-svg-69ece8fc7ae74 path { stroke:#296af5; }<\/style><div id=\"ut_sc_69ece8fc7ae73\"  class=\"ut-horizontal-style ut-horizontal-style-align-left  clearfix \" ><figure class=\"ut-service-icon  ut-service-icon-normal ut-service-icon-large\"><i style=\"color: #ffffff;\" class=\"fa fa fa-home\"><\/i><\/figure><div class=\"ut-service-column ut-service-column-horiz\"><h3 data-responsive-font=\"h3\">Marc Weber<\/h3><p class=\"element-with-custom-line-height\" data-responsive-font=\"p\">PF 670246<br \/>\nD-22342 Hamburg<\/p><\/div><\/div><\/div>[\/vc_column][vc_column width=&#8220;1\/4&#8243;]<div class=\"wpb_content_element \"><style type=\"text\/css\">#ut_sc_69ece8fc7aeb9 .ut-service-column h3 { color: #ffffff; }#ut_sc_69ece8fc7aeb9 .ut-service-column p { color: #ffffff; }#ut_sc_69ece8fc7aeb9 .ut-service-column p { margin-top: 0px; }#ut_sc_69ece8fc7aeb9 .ut-service-column a.ut-service-column-link { font-size: 12px; }#ut-svg-69ece8fc7aebb { display:none; }#ut-svg-69ece8fc7aebb.ut-svg-loaded { display:block; }#ut-svg-69ece8fc7aebb path { stroke:#296af5; }<\/style><div id=\"ut_sc_69ece8fc7aeb9\"  class=\"ut-horizontal-style ut-horizontal-style-align-left  clearfix \" ><figure class=\"ut-service-icon  ut-service-icon-normal ut-service-icon-large\"><i style=\"color: #ffffff;\" class=\"fa fa fa-eur\"><\/i><\/figure><div class=\"ut-service-column ut-service-column-horiz\"><h3 data-responsive-font=\"h3\">VAT ID<\/h3><p class=\"element-with-custom-line-height\" data-responsive-font=\"p\">DE 274987266<\/p><\/div><\/div><\/div>[\/vc_column][vc_column width=&#8220;1\/4&#8243;]<div class=\"wpb_content_element \"><style type=\"text\/css\">#ut_sc_69ece8fc7aefa .ut-service-column h3 { color: #ffffff; }#ut_sc_69ece8fc7aefa .ut-service-column p { color: #ffffff; }#ut_sc_69ece8fc7aefa .ut-service-column p { margin-top: 0px; }#ut_sc_69ece8fc7aefa .ut-service-column a.ut-service-column-link { font-size: 12px; }#ut-svg-69ece8fc7aefc { display:none; }#ut-svg-69ece8fc7aefc.ut-svg-loaded { display:block; }#ut-svg-69ece8fc7aefc path { stroke:#296af5; }<\/style><div id=\"ut_sc_69ece8fc7aefa\"  class=\"ut-horizontal-style ut-horizontal-style-align-left  clearfix \" ><figure class=\"ut-service-icon  ut-service-icon-normal ut-service-icon-large\"><i style=\"color: #ffffff;\" class=\"fa fa fa-envelope-o\"><\/i><\/figure><div class=\"ut-service-column ut-service-column-horiz\"><h3 data-responsive-font=\"h3\">Send your mail at<\/h3><p class=\"element-with-custom-line-height\" data-responsive-font=\"p\">info [at] TheDigitalization [dot] com<\/p><\/div><\/div><\/div>[\/vc_column][\/vc_row]<\/p>\n<\/div>","protected":false},"excerpt":{"rendered":"<p>[vc_row][vc_column][\/vc_column][\/vc_row][vc_row css=&#8220;.vc_custom_1478306599110{margin-bottom: 60px !important;}&#8220;][vc_column][vc_column_text]Google Analytics Diese Website benutzt Google Analytics, einen Webanalysedienst der Google Inc. (Google). Google Analytics verwendet sog. Cookies, Textdateien, die auf Ihrem Computer gespeichert werden und die eine Analyse der Benutzung der Website durch Sie erm\u00f6glichen. Die durch den Cookie erzeugten Informationen \u00fcber Ihre Benutzung dieser Website werden in der Regel an [&hellip;]<\/p>\n","protected":false},"author":1,"featured_media":0,"parent":0,"menu_order":0,"comment_status":"closed","ping_status":"closed","template":"","meta":{"footnotes":""},"class_list":["post-5296","page","type-page","status-publish","hentry"],"_links":{"self":[{"href":"https:\/\/thedigitalization.com\/index.php?rest_route=\/wp\/v2\/pages\/5296","targetHints":{"allow":["GET"]}}],"collection":[{"href":"https:\/\/thedigitalization.com\/index.php?rest_route=\/wp\/v2\/pages"}],"about":[{"href":"https:\/\/thedigitalization.com\/index.php?rest_route=\/wp\/v2\/types\/page"}],"author":[{"embeddable":true,"href":"https:\/\/thedigitalization.com\/index.php?rest_route=\/wp\/v2\/users\/1"}],"replies":[{"embeddable":true,"href":"https:\/\/thedigitalization.com\/index.php?rest_route=%2Fwp%2Fv2%2Fcomments&post=5296"}],"version-history":[{"count":14,"href":"https:\/\/thedigitalization.com\/index.php?rest_route=\/wp\/v2\/pages\/5296\/revisions"}],"predecessor-version":[{"id":6211,"href":"https:\/\/thedigitalization.com\/index.php?rest_route=\/wp\/v2\/pages\/5296\/revisions\/6211"}],"wp:attachment":[{"href":"https:\/\/thedigitalization.com\/index.php?rest_route=%2Fwp%2Fv2%2Fmedia&parent=5296"}],"curies":[{"name":"wp","href":"https:\/\/api.w.org\/{rel}","templated":true}]}}